{"id":1720,"date":"2021-05-14T19:01:42","date_gmt":"2021-05-15T00:01:42","guid":{"rendered":"http:\/\/redmyeval.org.mx\/?page_id=1720"},"modified":"2022-07-08T15:34:55","modified_gmt":"2022-07-08T20:34:55","slug":"repositorio","status":"publish","type":"page","link":"https:\/\/redmyeval.org.mx\/index.php\/repositorio\/","title":{"rendered":"Repositorio"},"content":{"rendered":"\t\t<div data-elementor-type=\"wp-page\" data-elementor-id=\"1720\" class=\"elementor elementor-1720\" data-elementor-settings=\"[]\">\n\t\t\t\t\t\t<div class=\"elementor-inner\">\n\t\t\t\t\t\t\t<div class=\"elementor-section-wrap\">\n\t\t\t\t\t\t\t<section class=\"elementor-section elementor-top-section elementor-element elementor-element-f8ffe75 elementor-section-boxed elementor-section-height-default elementor-section-height-default\" data-id=\"f8ffe75\" data-element_type=\"section\">\n\t\t\t\t\t\t<div class=\"elementor-container elementor-column-gap-default\">\n\t\t\t\t\t\t\t<div class=\"elementor-row\">\n\t\t\t\t\t<div class=\"elementor-column elementor-col-100 elementor-top-column elementor-element elementor-element-28e8cd1\" data-id=\"28e8cd1\" data-element_type=\"column\">\n\t\t\t<div class=\"elementor-column-wrap elementor-element-populated\">\n\t\t\t\t\t\t\t<div class=\"elementor-widget-wrap\">\n\t\t\t\t\t\t<div class=\"elementor-element elementor-element-8df911f elementor-widget elementor-widget-heading\" data-id=\"8df911f\" data-element_type=\"widget\" data-widget_type=\"heading.default\">\n\t\t\t\t<div class=\"elementor-widget-container\">\n\t\t\t<h3 class=\"elementor-heading-title elementor-size-default\">Repositorio<\/h3>\t\t<\/div>\n\t\t\t\t<\/div>\n\t\t\t\t\t\t<\/div>\n\t\t\t\t\t<\/div>\n\t\t<\/div>\n\t\t\t\t\t\t\t\t<\/div>\n\t\t\t\t\t<\/div>\n\t\t<\/section>\n\t\t\t\t<div class=\"elementor-section elementor-top-section elementor-element elementor-element-e4778f1 elementor-section-full_width elementor-section-height-default elementor-section-height-default\" data-id=\"e4778f1\" data-element_type=\"section\">\n\t\t\t\t\t\t<div class=\"elementor-container elementor-column-gap-default\">\n\t\t\t\t\t\t\t<div class=\"elementor-row\">\n\t\t\t\t\t<div class=\"elementor-column elementor-col-100 elementor-top-column elementor-element elementor-element-adaac19\" data-id=\"adaac19\" data-element_type=\"column\">\n\t\t\t<div class=\"elementor-column-wrap elementor-element-populated\">\n\t\t\t\t\t\t\t<div class=\"elementor-widget-wrap\">\n\t\t\t\t\t\t<div class=\"elementor-element elementor-element-5d243e2 elementor-widget elementor-widget-shortcode\" data-id=\"5d243e2\" data-element_type=\"widget\" data-widget_type=\"shortcode.default\">\n\t\t\t\t<div class=\"elementor-widget-container\">\n\t\t\t\t\t<div class=\"elementor-shortcode\">\n<table id=\"tablepress-1\" class=\"tablepress tablepress-id-1\">\n<thead>\n<tr class=\"row-1\">\n\t<th class=\"column-1\"><center>C\u00d3DIGO<\/center><\/th><th class=\"column-2\"><center>T\u00cdTULO<\/center><\/th><td class=\"column-3\"><\/td>\n<\/tr>\n<\/thead>\n<tbody class=\"row-striping row-hover\">\n<tr class=\"row-2\">\n\t<td class=\"column-1\">RMEE001<\/td><td class=\"column-2\">Magenta Book \u2013 Central Government guidance on evaluation (Reino Unido)<\/td><td class=\"column-3\"><a href=\"https:\/\/redmyeval.org.mx\/index.php\/frmee001\/\"><img decoding=\"async\" src=\"http:\/\/redmyeval.org.mx\/wp-content\/uploads\/2021\/09\/recurso-1-230x300.png\" alt=\"\" width=\"76.67\" height=\"100\" class=\"alignnone size-medium wp-image-2047\" srcset=\"https:\/\/redmyeval.org.mx\/wp-content\/uploads\/2021\/09\/recurso-1-230x300.png 230w, https:\/\/redmyeval.org.mx\/wp-content\/uploads\/2021\/09\/recurso-1.png 386w\" sizes=\"(max-width: 230px) 100vw, 230px\" \/><\/a><\/td>\n<\/tr>\n<tr class=\"row-3\">\n\t<td class=\"column-1\">RMEE002<\/td><td class=\"column-2\">Evaluando los Objetivos de Desarrollo Sostenible con el Enfoque \u201cQue Nadie se Quede Atr\u00e1s\u201d a trav\u00e9s de evaluaciones centradas en la equidad y con perspectiva de g\u00e9nero<\/td><td class=\"column-3\"><a href=\"https:\/\/redmyeval.org.mx\/index.php\/frmee002\/\"><img decoding=\"async\" src=\"http:\/\/redmyeval.org.mx\/wp-content\/uploads\/2021\/09\/RMEE002-209x300.png\" alt=\"\" width=\"69.67\" height=\"100\" class=\"alignnone size-medium wp-image-2295\" srcset=\"https:\/\/redmyeval.org.mx\/wp-content\/uploads\/2021\/09\/RMEE002-209x300.png 209w, https:\/\/redmyeval.org.mx\/wp-content\/uploads\/2021\/09\/RMEE002.png 263w\" sizes=\"(max-width: 209px) 100vw, 209px\" \/><\/a><\/td>\n<\/tr>\n<tr class=\"row-4\">\n\t<td class=\"column-1\">RMEE003<\/td><td class=\"column-2\">Manual para gestores del desarrollo<br \/>\nDiez pasos hacia un sistema de seguimiento y evaluaci\u00f3n basado en resultados<\/td><td class=\"column-3\"><a href=\"https:\/\/redmyeval.org.mx\/index.php\/frmee003\/\"><img decoding=\"async\" src=\"http:\/\/redmyeval.org.mx\/wp-content\/uploads\/2021\/09\/RMEE003-221x300.png\" alt=\"\" width=\"73.67\" height=\"100\" class=\"alignnone size-medium wp-image-2291\" srcset=\"https:\/\/redmyeval.org.mx\/wp-content\/uploads\/2021\/09\/RMEE003-221x300.png 221w, https:\/\/redmyeval.org.mx\/wp-content\/uploads\/2021\/09\/RMEE003.png 435w\" sizes=\"(max-width: 221px) 100vw, 221px\" \/><\/a><\/td>\n<\/tr>\n<tr class=\"row-5\">\n\t<td class=\"column-1\">RMEE004<\/td><td class=\"column-2\">FORTALECIMIENTO DE LA CAPACIDAD DE EVALUACI\u00d3N <br \/>\nGu\u00eda para el diagn\u00f3stico y marco para la acci\u00f3n<\/td><td class=\"column-3\"><a href=\"https:\/\/redmyeval.org.mx\/index.php\/frmee004\/\"><img loading=\"lazy\" decoding=\"async\" src=\"http:\/\/redmyeval.org.mx\/wp-content\/uploads\/2021\/09\/RMEE004-231x300.png\" alt=\"\" width=\"77\" height=\"100\" class=\"alignnone size-medium wp-image-2292\" srcset=\"https:\/\/redmyeval.org.mx\/wp-content\/uploads\/2021\/09\/RMEE004-231x300.png 231w, https:\/\/redmyeval.org.mx\/wp-content\/uploads\/2021\/09\/RMEE004.png 291w\" sizes=\"auto, (max-width: 77px) 100vw, 77px\" \/><\/a><\/td>\n<\/tr>\n<tr class=\"row-6\">\n\t<td class=\"column-1\">RMEE005<\/td><td class=\"column-2\">Monitoreo y evaluaci\u00f3n de pol\u00edticas, programas y proyectos sociales<\/td><td class=\"column-3\"><a href=\"https:\/\/redmyeval.org.mx\/index.php\/frmee005\/\"><img loading=\"lazy\" decoding=\"async\" src=\"http:\/\/redmyeval.org.mx\/wp-content\/uploads\/2021\/09\/RMEE005-300x300.png\" alt=\"\" width=\"100\" height=\"100\" class=\"alignnone size-medium wp-image-2293\" srcset=\"https:\/\/redmyeval.org.mx\/wp-content\/uploads\/2021\/09\/RMEE005-300x300.png 300w, https:\/\/redmyeval.org.mx\/wp-content\/uploads\/2021\/09\/RMEE005-150x150.png 150w, https:\/\/redmyeval.org.mx\/wp-content\/uploads\/2021\/09\/RMEE005-100x100.png 100w, https:\/\/redmyeval.org.mx\/wp-content\/uploads\/2021\/09\/RMEE005.png 591w\" sizes=\"auto, (max-width: 100px) 100vw, 100px\" \/><\/a><\/td>\n<\/tr>\n<tr class=\"row-7\">\n\t<td class=\"column-1\">RMEE006<\/td><td class=\"column-2\">Monitoreo, Evaluaci\u00f3n y Gesti\u00f3n por Resultados. Aprendizaje y Cooperaci\u00f3n Sur-Sur para la Innovaci\u00f3n: El papel de los Actores Subnacionales<\/td><td class=\"column-3\"><a href=\"https:\/\/redmyeval.org.mx\/index.php\/frmee006\/\"><img loading=\"lazy\" decoding=\"async\" src=\"http:\/\/redmyeval.org.mx\/wp-content\/uploads\/2021\/11\/RMEE006.png\" alt=\"\" width=\"100\" height=\"100\" class=\"alignnone size-medium wp-image-2293\" \/><\/a><\/td>\n<\/tr>\n<tr class=\"row-8\">\n\t<td class=\"column-1\">RMEE007<\/td><td class=\"column-2\">A guide to planning and conducting program evaluation<\/td><td class=\"column-3\"><a href=\"https:\/\/redmyeval.org.mx\/index.php\/frmee007\/\"><img loading=\"lazy\" decoding=\"async\" src=\"http:\/\/redmyeval.org.mx\/wp-content\/uploads\/2021\/12\/RMEE007.png\" alt=\"\" width=\"100\" height=\"100\" class=\"alignnone size-medium wp-image-2293\" \/><\/a><\/td>\n<\/tr>\n<tr class=\"row-9\">\n\t<td class=\"column-1\">RMEE008<\/td><td class=\"column-2\">Planning a program evaluation<\/td><td class=\"column-3\"><a href=\"https:\/\/redmyeval.org.mx\/index.php\/frmee008\/\"><img loading=\"lazy\" decoding=\"async\" src=\"http:\/\/redmyeval.org.mx\/wp-content\/uploads\/2021\/12\/RMEE008.png\" alt=\"\" width=\"100\" height=\"100\" class=\"alignnone size-medium wp-image-2293\" \/><\/a><\/td>\n<\/tr>\n<tr class=\"row-10\">\n\t<td class=\"column-1\">RMEE009<\/td><td class=\"column-2\">Integrating Qualitative and Quantitative Approaches in Program Evaluation<\/td><td class=\"column-3\"><a href=\"https:\/\/redmyeval.org.mx\/index.php\/frmee009\/\"><img loading=\"lazy\" decoding=\"async\" src=\"http:\/\/redmyeval.org.mx\/wp-content\/uploads\/2021\/12\/RMEE009.png\" alt=\"\" width=\"100\" height=\"100\" class=\"alignnone size-medium wp-image-2293\" \/><\/a><\/td>\n<\/tr>\n<tr class=\"row-11\">\n\t<td class=\"column-1\">RMEE010<\/td><td class=\"column-2\">La evaluaci\u00f3n de pol\u00edticas y programas p\u00fablicos. El caso de los programas de desarrollo social en M\u00e9xico<\/td><td class=\"column-3\"><a href=\"https:\/\/redmyeval.org.mx\/index.php\/frmee010\/\"><img loading=\"lazy\" decoding=\"async\" src=\"http:\/\/redmyeval.org.mx\/wp-content\/uploads\/2021\/12\/RMEE010.png\" alt=\"\" width=\"100\" height=\"100\" class=\"alignnone size-medium wp-image-2293\" \/><\/a><\/td>\n<\/tr>\n<tr class=\"row-12\">\n\t<td class=\"column-1\">RMEE011<\/td><td class=\"column-2\">Las ciudades mexicanas y el buen gobierno local: una metodolog\u00eda para su evaluaci\u00f3n<\/td><td class=\"column-3\"><a href=\"https:\/\/redmyeval.org.mx\/index.php\/frmee011\/\"><img loading=\"lazy\" decoding=\"async\" src=\"http:\/\/redmyeval.org.mx\/wp-content\/uploads\/2021\/12\/RMEE011.png\" alt=\"\" width=\"100\" height=\"100\" class=\"alignnone size-medium wp-image-2293\" \/><\/a><\/td>\n<\/tr>\n<tr class=\"row-13\">\n\t<td class=\"column-1\">RMEE012<\/td><td class=\"column-2\">Monitoring and evaluation: Showing How Democracy and Governance Programs Make a Difference<\/td><td class=\"column-3\"><a href=\"https:\/\/redmyeval.org.mx\/index.php\/frmee012\/\"><img loading=\"lazy\" decoding=\"async\" src=\"http:\/\/redmyeval.org.mx\/wp-content\/uploads\/2021\/12\/RMEE012.png\" alt=\"\" width=\"100\" height=\"100\" class=\"alignnone size-medium wp-image-2293\" \/><\/a><\/td>\n<\/tr>\n<tr class=\"row-14\">\n\t<td class=\"column-1\">RMEE013<\/td><td class=\"column-2\">Handbook of practical program evaluation<\/td><td class=\"column-3\"><a href=\"https:\/\/redmyeval.org.mx\/index.php\/frmee013\/\"><img loading=\"lazy\" decoding=\"async\" src=\"http:\/\/redmyeval.org.mx\/wp-content\/uploads\/2021\/12\/RMEE013.png\" alt=\"\" width=\"100\" height=\"100\" class=\"alignnone size-medium wp-image-2293\" \/><\/a><\/td>\n<\/tr>\n<tr class=\"row-15\">\n\t<td class=\"column-1\">RMEE014<\/td><td class=\"column-2\">Strategies for managing evaluation anxiety: Toward a Psychology of Program Evaluation<\/td><td class=\"column-3\"><a href=\"https:\/\/redmyeval.org.mx\/index.php\/frmee014\/\"><img loading=\"lazy\" decoding=\"async\" src=\"http:\/\/redmyeval.org.mx\/wp-content\/uploads\/2021\/12\/RMEE014.png\" alt=\"\" width=\"100\" height=\"100\" class=\"alignnone size-medium wp-image-2293\" \/><\/a><\/td>\n<\/tr>\n<tr class=\"row-16\">\n\t<td class=\"column-1\">RMEE015<\/td><td class=\"column-2\">De las recomendaciones a las acciones: La experiencia del Premio 2011 Programas Federales Comprometidos con el Proceso de Evaluaci\u00f3n<\/td><td class=\"column-3\"><a href=\"https:\/\/redmyeval.org.mx\/index.php\/frmee015\/\"><img loading=\"lazy\" decoding=\"async\" src=\"http:\/\/redmyeval.org.mx\/wp-content\/uploads\/2021\/12\/RMEE015.png\" alt=\"\" width=\"100\" height=\"100\" class=\"alignnone size-medium wp-image-2293\" \/><\/a><\/td>\n<\/tr>\n<\/tbody>\n<\/table>\n<!-- #tablepress-1 from cache --><\/div>\n\t\t\t\t<\/div>\n\t\t\t\t<\/div>\n\t\t\t\t\t\t<\/div>\n\t\t\t\t\t<\/div>\n\t\t<\/div>\n\t\t\t\t\t\t\t\t<\/div>\n\t\t\t\t\t<\/div>\n\t\t<\/div>\n\t\t\t\t\t\t<\/div>\n\t\t\t\t\t\t<\/div>\n\t\t\t\t\t<\/div>\n\t\t","protected":false},"excerpt":{"rendered":"<p>Repositorio<\/p>\n","protected":false},"author":2,"featured_media":0,"parent":0,"menu_order":0,"comment_status":"closed","ping_status":"closed","template":"elementor_header_footer","meta":{"content-type":"","footnotes":""},"class_list":["post-1720","page","type-page","status-publish","hentry"],"_links":{"self":[{"href":"https:\/\/redmyeval.org.mx\/index.php\/wp-json\/wp\/v2\/pages\/1720","targetHints":{"allow":["GET"]}}],"collection":[{"href":"https:\/\/redmyeval.org.mx\/index.php\/wp-json\/wp\/v2\/pages"}],"about":[{"href":"https:\/\/redmyeval.org.mx\/index.php\/wp-json\/wp\/v2\/types\/page"}],"author":[{"embeddable":true,"href":"https:\/\/redmyeval.org.mx\/index.php\/wp-json\/wp\/v2\/users\/2"}],"replies":[{"embeddable":true,"href":"https:\/\/redmyeval.org.mx\/index.php\/wp-json\/wp\/v2\/comments?post=1720"}],"version-history":[{"count":264,"href":"https:\/\/redmyeval.org.mx\/index.php\/wp-json\/wp\/v2\/pages\/1720\/revisions"}],"predecessor-version":[{"id":3499,"href":"https:\/\/redmyeval.org.mx\/index.php\/wp-json\/wp\/v2\/pages\/1720\/revisions\/3499"}],"wp:attachment":[{"href":"https:\/\/redmyeval.org.mx\/index.php\/wp-json\/wp\/v2\/media?parent=1720"}],"curies":[{"name":"wp","href":"https:\/\/api.w.org\/{rel}","templated":true}]}}