{"id":4326,"date":"2026-02-12T22:17:28","date_gmt":"2026-02-13T04:17:28","guid":{"rendered":"https:\/\/redmyeval.org.mx\/?page_id=4326"},"modified":"2026-04-23T11:39:52","modified_gmt":"2026-04-23T17:39:52","slug":"2026-1","status":"publish","type":"page","link":"https:\/\/redmyeval.org.mx\/index.php\/2026-1\/","title":{"rendered":"2026"},"content":{"rendered":"<p><img decoding=\"async\" width=\"1013\" height=\"1015\" src=\"http:\/\/redmyeval.org.mx\/wp-content\/uploads\/2026\/02\/2026.png\" alt=\"\" loading=\"lazy\" srcset=\"https:\/\/redmyeval.org.mx\/wp-content\/uploads\/2026\/02\/2026.png 1013w, https:\/\/redmyeval.org.mx\/wp-content\/uploads\/2026\/02\/2026-300x300.png 300w, https:\/\/redmyeval.org.mx\/wp-content\/uploads\/2026\/02\/2026-150x150.png 150w, https:\/\/redmyeval.org.mx\/wp-content\/uploads\/2026\/02\/2026-768x770.png 768w, https:\/\/redmyeval.org.mx\/wp-content\/uploads\/2026\/02\/2026-600x601.png 600w, https:\/\/redmyeval.org.mx\/wp-content\/uploads\/2026\/02\/2026-100x100.png 100w\" sizes=\"auto, (max-width: 1013px) 100vw, 1013px\" \/>\t\t\t\t\t\t\t\t\t\t\t\t\t\t<\/p>\n<p data-start=\"0\" data-end=\"293\">Se llevaron a cabo, en modalidad virtual, dos sesiones extraordinarias con el prop\u00f3sito de convocar a las entidades federativas integrantes de la Red a participar en el proceso de integraci\u00f3n del Grupo Coordinador 2026, dado que en esta ocasi\u00f3n se elegir\u00eda a la totalidad de sus integrantes.<\/p>\n<\/p>\n<p data-start=\"295\" data-end=\"537\" data-is-last-node=\"\" data-is-only-node=\"\">En la primera sesi\u00f3n se exhort\u00f3 a las entidades a sumarse y asegurar una amplia participaci\u00f3n; mientras que en la segunda se realiz\u00f3 el ejercicio formal de votaci\u00f3n para la elecci\u00f3n de todas y todos los integrantes del Grupo Coordinador 2026.<\/p>\n<h2>Primera y Segunda Sesi\u00f3n Extraordinaria virtual,<br \/>15 y 29 de enero<\/h2>\n<figure><img decoding=\"async\" src=\"http:\/\/redmyeval.org.mx\/wp-content\/uploads\/2026\/02\/Banners_GC2026-768x384.png\" alt=\"Banners_GC2026\" \/><\/figure>\n<figure><img decoding=\"async\" src=\"http:\/\/redmyeval.org.mx\/wp-content\/uploads\/2026\/02\/2-768x506.png\" alt=\"2\" \/><\/figure>\n<figure><img decoding=\"async\" src=\"http:\/\/redmyeval.org.mx\/wp-content\/uploads\/2026\/02\/4-768x433.png\" alt=\"4\" \/><\/figure>\n<figure><img decoding=\"async\" src=\"http:\/\/redmyeval.org.mx\/wp-content\/uploads\/2026\/02\/Captura-de-pantalla-2026-01-29-113850-768x405.png\" alt=\"Captura de pantalla 2026-01-29 113850\" \/><\/figure>\n<figure><img decoding=\"async\" src=\"http:\/\/redmyeval.org.mx\/wp-content\/uploads\/2026\/02\/Captura-de-pantalla-2026-01-29-115104-768x405.png\" alt=\"Captura de pantalla 2026-01-29 115104\" \/><\/figure>\n<figure><img decoding=\"async\" src=\"http:\/\/redmyeval.org.mx\/wp-content\/uploads\/2026\/02\/Captura-de-pantalla-2026-01-29-120525-768x402.png\" alt=\"Captura de pantalla 2026-01-29 120525\" \/><\/figure>\n<figure><img decoding=\"async\" src=\"http:\/\/redmyeval.org.mx\/wp-content\/uploads\/2026\/02\/Captura-de-pantalla-2026-01-29-124823-768x407.png\" alt=\"Captura de pantalla 2026-01-29 124823\" \/><\/figure>\n<figure><img decoding=\"async\" src=\"http:\/\/redmyeval.org.mx\/wp-content\/uploads\/2026\/02\/22-768x410.png\" alt=\"22\" \/><\/figure>\n<p>\t\t\t\t\t\tPrevio<br \/>\n\t\t\t\t\t\tSiguiente<br \/>\n\t\t\t<a href=\"https:\/\/redmyeval.org.mx\/#sesiones\" role=\"button\"><br \/>\n\t\t\t\t\t\tP\u00e1gina principal<br \/>\n\t\t\t\t\t<\/a><br \/>\n\t\t\t<a href=\"https:\/\/redmyeval.org.mx\/index.php\/sesiones\/#sesiones\" role=\"button\"><br \/>\n\t\t\t\t\t\tSesiones<br \/>\n\t\t\t\t\t<\/a><\/p>\n","protected":false},"excerpt":{"rendered":"<p>Se llevaron a cabo, en modalidad virtual, dos sesiones extraordinarias con el prop\u00f3sito de convocar a las entidades federativas integrantes de la Red a participar en el proceso de integraci\u00f3n del Grupo Coordinador 2026, dado que en esta ocasi\u00f3n se elegir\u00eda a la totalidad de sus integrantes. En la primera sesi\u00f3n se exhort\u00f3 a las [&hellip;]<\/p>\n","protected":false},"author":1,"featured_media":0,"parent":0,"menu_order":0,"comment_status":"closed","ping_status":"closed","template":"elementor_header_footer","meta":{"content-type":"","footnotes":""},"class_list":["post-4326","page","type-page","status-publish","hentry"],"_links":{"self":[{"href":"https:\/\/redmyeval.org.mx\/index.php\/wp-json\/wp\/v2\/pages\/4326","targetHints":{"allow":["GET"]}}],"collection":[{"href":"https:\/\/redmyeval.org.mx\/index.php\/wp-json\/wp\/v2\/pages"}],"about":[{"href":"https:\/\/redmyeval.org.mx\/index.php\/wp-json\/wp\/v2\/types\/page"}],"author":[{"embeddable":true,"href":"https:\/\/redmyeval.org.mx\/index.php\/wp-json\/wp\/v2\/users\/1"}],"replies":[{"embeddable":true,"href":"https:\/\/redmyeval.org.mx\/index.php\/wp-json\/wp\/v2\/comments?post=4326"}],"version-history":[{"count":10,"href":"https:\/\/redmyeval.org.mx\/index.php\/wp-json\/wp\/v2\/pages\/4326\/revisions"}],"predecessor-version":[{"id":4359,"href":"https:\/\/redmyeval.org.mx\/index.php\/wp-json\/wp\/v2\/pages\/4326\/revisions\/4359"}],"wp:attachment":[{"href":"https:\/\/redmyeval.org.mx\/index.php\/wp-json\/wp\/v2\/media?parent=4326"}],"curies":[{"name":"wp","href":"https:\/\/api.w.org\/{rel}","templated":true}]}}